{"id":2615,"date":"2024-04-23T13:40:03","date_gmt":"2024-04-23T11:40:03","guid":{"rendered":"https:\/\/tomyumthai.perussivut.fi\/a-la-carte\/"},"modified":"2025-10-22T16:52:35","modified_gmt":"2025-10-22T14:52:35","slug":"a-la-carte","status":"publish","type":"page","link":"https:\/\/tomyumthai.fi\/sv\/a-la-carte\/","title":{"rendered":"\u00c0 la\u00a0carte\u00a0"},"content":{"rendered":"\n<p>V\u00e5r \u00c0 la carte-meny erbjuder ett varierat utbud av asiatiska r\u00e4tter. Du kan v\u00e4lja bland ett brett urval av f\u00f6rr\u00e4tter, huvudr\u00e4tter och desserter. Prova till exempel v\u00e5ra uts\u00f6kta satay kycklingspett eller den traditionella Tom Yum Kung-soppan. Bland v\u00e5ra huvudr\u00e4tter hittar du kyckling, n\u00f6tk\u00f6tt, fl\u00e4skk\u00f6tt och skaldjur i olika s\u00e5ser och stilar. Varje r\u00e4tt \u00e4r noggrant tillagad med f\u00e4rska ingredienser och autentiska kryddor f\u00f6r att ge dig en \u00e4kta smak av Asien.<\/p>\n","protected":false},"excerpt":{"rendered":"<p>V\u00e5r \u00c0 la carte-meny erbjuder ett varierat utbud av asiatiska r\u00e4tter. Du kan v\u00e4lja bland ett brett urval av f\u00f6rr\u00e4tter, huvudr\u00e4tter och desserter. Prova till exempel v\u00e5ra uts\u00f6kta satay kycklingspett eller den traditionella Tom Yum Kung-soppan. Bland v\u00e5ra huvudr\u00e4tter hittar du kyckling, n\u00f6tk\u00f6tt, fl\u00e4skk\u00f6tt och skaldjur i olika s\u00e5ser och stilar. Varje r\u00e4tt \u00e4r noggrant [&hellip;]<\/p>\n","protected":false},"author":2,"featured_media":2589,"parent":0,"menu_order":0,"comment_status":"closed","ping_status":"closed","template":"","meta":{"_acf_changed":false,"_et_pb_use_builder":"","_et_pb_old_content":"","_et_gb_content_width":"","footnotes":""},"class_list":["post-2615","page","type-page","status-publish","has-post-thumbnail","hentry"],"acf":[],"_links":{"self":[{"href":"https:\/\/tomyumthai.fi\/sv\/wp-json\/wp\/v2\/pages\/2615","targetHints":{"allow":["GET"]}}],"collection":[{"href":"https:\/\/tomyumthai.fi\/sv\/wp-json\/wp\/v2\/pages"}],"about":[{"href":"https:\/\/tomyumthai.fi\/sv\/wp-json\/wp\/v2\/types\/page"}],"author":[{"embeddable":true,"href":"https:\/\/tomyumthai.fi\/sv\/wp-json\/wp\/v2\/users\/2"}],"replies":[{"embeddable":true,"href":"https:\/\/tomyumthai.fi\/sv\/wp-json\/wp\/v2\/comments?post=2615"}],"version-history":[{"count":3,"href":"https:\/\/tomyumthai.fi\/sv\/wp-json\/wp\/v2\/pages\/2615\/revisions"}],"predecessor-version":[{"id":3015,"href":"https:\/\/tomyumthai.fi\/sv\/wp-json\/wp\/v2\/pages\/2615\/revisions\/3015"}],"wp:featuredmedia":[{"embeddable":true,"href":"https:\/\/tomyumthai.fi\/sv\/wp-json\/wp\/v2\/media\/2589"}],"wp:attachment":[{"href":"https:\/\/tomyumthai.fi\/sv\/wp-json\/wp\/v2\/media?parent=2615"}],"curies":[{"name":"wp","href":"https:\/\/api.w.org\/{rel}","templated":true}]}}