{"id":2619,"date":"2024-04-23T13:38:55","date_gmt":"2024-04-23T11:38:55","guid":{"rendered":"https:\/\/tomyumthai.perussivut.fi\/buffet\/"},"modified":"2024-09-03T19:17:42","modified_gmt":"2024-09-03T17:17:42","slug":"buffe","status":"publish","type":"page","link":"https:\/\/tomyumthai.fi\/sv\/buffe\/","title":{"rendered":"Buff\u00e9"},"content":{"rendered":"\n<p>I v\u00e5r buff\u00e9 serverar vi ett varierat utbud av asiatiska delikatesser som byts dagligen. Vi erbjuder ocks\u00e5 varje dag ett v\u00e4sterl\u00e4ndskt\/finskt matalternativ.<\/p>\n\n\n\n<p>Fram till kl. 19 kan du njuta av v\u00e5r rikliga buff\u00e9 som inneh\u00e5ller en stor salladsbuff\u00e9 och ett brett urval av sushi samt en m\u00e4ngd varma huvudr\u00e4tter, v\u00e5rrullar, stekta nudlar och gr\u00f6nsaker och mycket mer.<\/p>\n\n\n\n<p>V\u00e5r sushi \u00e4r munsbitsstor och garanterat f\u00e4rsk, eftersom den tillagas i v\u00e5rt \u00d6ppna K\u00f6k efter behov. Vi h\u00e5ller den inte st\u00e5ende p\u00e5 buff\u00e9bordet. Om du har speciella \u00f6nskem\u00e5l, t.ex. glutenfritt, vegetariskt osv., kommer v\u00e5ra sushi-m\u00e4stare att uppfylla dina \u00f6nskem\u00e5l.<\/p>\n\n\n\n<p>Nyheten i buff\u00e9n \u00e4r nudelberedningsstationen. Kunden kan sj\u00e4lv tillaga och krydda sina nudlar p\u00e5 det s\u00e4tt de \u00f6nskar. Sj\u00e4lvlagade nudlar \u00e4r mycket popul\u00e4ra, asiaternas favoritmat. V\u00e4rt att prova!<\/p>\n\n\n\n<p>Lunchen avrundas med kaffe eller te med kakor eller glass.<\/p>\n\n\n\n<h2 class=\"wp-block-heading\">I samband med Teppanyaki-buff\u00e9n<\/h2>\n\n\n\n<p>I v\u00e5r buff\u00e9 finns det \u00e4ven tillg\u00e5ng till en h\u00f6gkvalitativ teppanyaki-buff\u00e9 fr\u00e5n Japan, mot en extra avgift, d\u00e4r det finns olika ingredienser som k\u00f6tt, kyckling, fisk, skaldjur och olika gr\u00f6nsaker. Du kan v\u00e4lja vad du vill att kocken ska tillaga \u00e5t dig. Kocken steker din r\u00e4tt fr\u00e5n de valda ingredienserna p\u00e5 en het platta i det \u00f6ppna k\u00f6ket framf\u00f6r dina \u00f6gon.<\/p>\n\n\n\n<p>V\u00e4lkommen att njuta av v\u00e5r rikliga buff\u00e9!<\/p>\n","protected":false},"excerpt":{"rendered":"<p>I v\u00e5r buff\u00e9 serverar vi ett varierat utbud av asiatiska delikatesser som byts dagligen. Vi erbjuder ocks\u00e5 varje dag ett v\u00e4sterl\u00e4ndskt\/finskt matalternativ. Fram till kl. 19 kan du njuta av v\u00e5r rikliga buff\u00e9 som inneh\u00e5ller en stor salladsbuff\u00e9 och ett brett urval av sushi samt en m\u00e4ngd varma huvudr\u00e4tter, v\u00e5rrullar, stekta nudlar och gr\u00f6nsaker och [&hellip;]<\/p>\n","protected":false},"author":2,"featured_media":2581,"parent":0,"menu_order":0,"comment_status":"closed","ping_status":"closed","template":"","meta":{"_acf_changed":false,"_et_pb_use_builder":"","_et_pb_old_content":"","_et_gb_content_width":"","footnotes":""},"class_list":["post-2619","page","type-page","status-publish","has-post-thumbnail","hentry"],"acf":[],"_links":{"self":[{"href":"https:\/\/tomyumthai.fi\/sv\/wp-json\/wp\/v2\/pages\/2619","targetHints":{"allow":["GET"]}}],"collection":[{"href":"https:\/\/tomyumthai.fi\/sv\/wp-json\/wp\/v2\/pages"}],"about":[{"href":"https:\/\/tomyumthai.fi\/sv\/wp-json\/wp\/v2\/types\/page"}],"author":[{"embeddable":true,"href":"https:\/\/tomyumthai.fi\/sv\/wp-json\/wp\/v2\/users\/2"}],"replies":[{"embeddable":true,"href":"https:\/\/tomyumthai.fi\/sv\/wp-json\/wp\/v2\/comments?post=2619"}],"version-history":[{"count":10,"href":"https:\/\/tomyumthai.fi\/sv\/wp-json\/wp\/v2\/pages\/2619\/revisions"}],"predecessor-version":[{"id":2959,"href":"https:\/\/tomyumthai.fi\/sv\/wp-json\/wp\/v2\/pages\/2619\/revisions\/2959"}],"wp:featuredmedia":[{"embeddable":true,"href":"https:\/\/tomyumthai.fi\/sv\/wp-json\/wp\/v2\/media\/2581"}],"wp:attachment":[{"href":"https:\/\/tomyumthai.fi\/sv\/wp-json\/wp\/v2\/media?parent=2619"}],"curies":[{"name":"wp","href":"https:\/\/api.w.org\/{rel}","templated":true}]}}