{"id":2621,"date":"2023-10-24T15:59:55","date_gmt":"2023-10-24T13:59:55","guid":{"rendered":"https:\/\/tomyumthai.perussivut.fi\/ajankohtaista\/"},"modified":"2024-06-07T15:58:48","modified_gmt":"2024-06-07T13:58:48","slug":"aktuellt","status":"publish","type":"page","link":"https:\/\/tomyumthai.fi\/sv\/aktuellt\/","title":{"rendered":"Aktuellt"},"content":{"rendered":"\n<p>Vi h\u00e5ller dig uppdaterad om h\u00e4ndelser, specialerbjudanden och temaveckor p\u00e5 Tom Yum Thai Restaurang p\u00e5 denna sida. Kom och bes\u00f6k oss s\u00e5 att du inte missar v\u00e5ra specialdelikatesser och s\u00e4songs\u00f6verraskningar som vi planerar f\u00f6r v\u00e5ra kunders gl\u00e4dje. F\u00f6lj oss ocks\u00e5 p\u00e5 v\u00e5ra sociala mediekanaler f\u00f6r att h\u00e5lla dig uppdaterad med alla v\u00e5ra nyheter.<\/p>\n","protected":false},"excerpt":{"rendered":"<p>Vi h\u00e5ller dig uppdaterad om h\u00e4ndelser, specialerbjudanden och temaveckor p\u00e5 Tom Yum Thai Restaurang p\u00e5 denna sida. Kom och bes\u00f6k oss s\u00e5 att du inte missar v\u00e5ra specialdelikatesser och s\u00e4songs\u00f6verraskningar som vi planerar f\u00f6r v\u00e5ra kunders gl\u00e4dje. F\u00f6lj oss ocks\u00e5 p\u00e5 v\u00e5ra sociala mediekanaler f\u00f6r att h\u00e5lla dig uppdaterad med alla v\u00e5ra nyheter.<\/p>\n","protected":false},"author":2,"featured_media":2603,"parent":0,"menu_order":0,"comment_status":"closed","ping_status":"closed","template":"","meta":{"_acf_changed":false,"_et_pb_use_builder":"","_et_pb_old_content":"","_et_gb_content_width":"","footnotes":""},"class_list":["post-2621","page","type-page","status-publish","has-post-thumbnail","hentry"],"acf":[],"_links":{"self":[{"href":"https:\/\/tomyumthai.fi\/sv\/wp-json\/wp\/v2\/pages\/2621","targetHints":{"allow":["GET"]}}],"collection":[{"href":"https:\/\/tomyumthai.fi\/sv\/wp-json\/wp\/v2\/pages"}],"about":[{"href":"https:\/\/tomyumthai.fi\/sv\/wp-json\/wp\/v2\/types\/page"}],"author":[{"embeddable":true,"href":"https:\/\/tomyumthai.fi\/sv\/wp-json\/wp\/v2\/users\/2"}],"replies":[{"embeddable":true,"href":"https:\/\/tomyumthai.fi\/sv\/wp-json\/wp\/v2\/comments?post=2621"}],"version-history":[{"count":2,"href":"https:\/\/tomyumthai.fi\/sv\/wp-json\/wp\/v2\/pages\/2621\/revisions"}],"predecessor-version":[{"id":2793,"href":"https:\/\/tomyumthai.fi\/sv\/wp-json\/wp\/v2\/pages\/2621\/revisions\/2793"}],"wp:featuredmedia":[{"embeddable":true,"href":"https:\/\/tomyumthai.fi\/sv\/wp-json\/wp\/v2\/media\/2603"}],"wp:attachment":[{"href":"https:\/\/tomyumthai.fi\/sv\/wp-json\/wp\/v2\/media?parent=2621"}],"curies":[{"name":"wp","href":"https:\/\/api.w.org\/{rel}","templated":true}]}}