{"id":2623,"date":"2023-10-24T15:40:58","date_gmt":"2023-10-24T13:40:58","guid":{"rendered":"https:\/\/tomyumthai.perussivut.fi\/yhteystiedot\/"},"modified":"2024-06-07T16:00:18","modified_gmt":"2024-06-07T14:00:18","slug":"kontaktuppgifter","status":"publish","type":"page","link":"https:\/\/tomyumthai.fi\/sv\/kontaktuppgifter\/","title":{"rendered":"Kontaktuppgifter"},"content":{"rendered":"\n<h2 class=\"wp-block-heading\">Direkta kontaktuppgifter<\/h2>\n\n\n\n<p>Tom Yum Thai Restaurant<br>Yl\u00e4tori 2, Vasa<br><a href=\"tel:050 449 9366\">050 449 9366<\/a><br><a href=\"mailto:info@tomyumthai.fi\">info@tomyumthai.fi<\/a><\/p>\n\n\n\n<h2 class=\"wp-block-heading\">\u00d6ppet<\/h2>\n\n\n\n<p><strong>M\u00e5-Fre<\/strong> | 10.30-21.00<br><strong>L\u00f6<\/strong> | 11.00-21.00<br><strong>S\u00f6<\/strong> | 12.00-20.00<\/p>\n\n\n\n<p>Buff\u00e9 varje dag till kl. 19.<br>Luncherbjudande p\u00e5 vardagar till kl. 15.<br>\u00c0 la carte alltid tillg\u00e4nglig!<\/p>\n","protected":false},"excerpt":{"rendered":"<p>Direkta kontaktuppgifter Tom Yum Thai RestaurantYl\u00e4tori 2, Vasa050 449 9366info@tomyumthai.fi \u00d6ppet M\u00e5-Fre | 10.30-21.00L\u00f6 | 11.00-21.00S\u00f6 | 12.00-20.00 Buff\u00e9 varje dag till kl. 19.Luncherbjudande p\u00e5 vardagar till kl. 15.\u00c0 la carte alltid tillg\u00e4nglig!<\/p>\n","protected":false},"author":2,"featured_media":3002,"parent":0,"menu_order":0,"comment_status":"closed","ping_status":"closed","template":"","meta":{"_acf_changed":false,"_et_pb_use_builder":"","_et_pb_old_content":"","_et_gb_content_width":"","footnotes":""},"class_list":["post-2623","page","type-page","status-publish","has-post-thumbnail","hentry"],"acf":[],"_links":{"self":[{"href":"https:\/\/tomyumthai.fi\/sv\/wp-json\/wp\/v2\/pages\/2623","targetHints":{"allow":["GET"]}}],"collection":[{"href":"https:\/\/tomyumthai.fi\/sv\/wp-json\/wp\/v2\/pages"}],"about":[{"href":"https:\/\/tomyumthai.fi\/sv\/wp-json\/wp\/v2\/types\/page"}],"author":[{"embeddable":true,"href":"https:\/\/tomyumthai.fi\/sv\/wp-json\/wp\/v2\/users\/2"}],"replies":[{"embeddable":true,"href":"https:\/\/tomyumthai.fi\/sv\/wp-json\/wp\/v2\/comments?post=2623"}],"version-history":[{"count":2,"href":"https:\/\/tomyumthai.fi\/sv\/wp-json\/wp\/v2\/pages\/2623\/revisions"}],"predecessor-version":[{"id":2796,"href":"https:\/\/tomyumthai.fi\/sv\/wp-json\/wp\/v2\/pages\/2623\/revisions\/2796"}],"wp:featuredmedia":[{"embeddable":true,"href":"https:\/\/tomyumthai.fi\/sv\/wp-json\/wp\/v2\/media\/3002"}],"wp:attachment":[{"href":"https:\/\/tomyumthai.fi\/sv\/wp-json\/wp\/v2\/media?parent=2623"}],"curies":[{"name":"wp","href":"https:\/\/api.w.org\/{rel}","templated":true}]}}