{"id":2625,"date":"2023-10-24T13:48:16","date_gmt":"2023-10-24T11:48:16","guid":{"rendered":"https:\/\/tomyumthai.perussivut.fi\/tietoa-meista\/"},"modified":"2024-06-07T15:58:12","modified_gmt":"2024-06-07T13:58:12","slug":"om-oss","status":"publish","type":"page","link":"https:\/\/tomyumthai.fi\/sv\/om-oss\/","title":{"rendered":"Om oss"},"content":{"rendered":"\n<p>Tom Yum Thai Restaurang har betj\u00e4nat sina kunder i Vasa sedan 2009 och erbjuder \u00e4kta asiatiska smaker och upplevelser. V\u00e5r restaurang ligger p\u00e5 andra v\u00e5ningen i Rewell Center, d\u00e4r v\u00e5ra nya, trivsamma lokaler finns. Vi satsar p\u00e5 h\u00f6gkvalitativ mat, en trevlig milj\u00f6 och utm\u00e4rkt kundservice. F\u00f6r oss \u00e4r det viktigt att varje kund l\u00e4mnar v\u00e5r restaurang n\u00f6jd.<\/p>\n\n\n\n<h2 class=\"wp-block-heading\"><strong>Autentisk asiatisk atmosf\u00e4r<\/strong><\/h2>\n\n\n\n<p>Tom Yum Thai Restaurang erbjuder \u00e4kta asiatiska smaker i hj\u00e4rtat av Vasa, p\u00e5 andra v\u00e5ningen i Rewell Center. V\u00e5r restaurang har 80 sittplatser och \u00e4r inredd med respekt f\u00f6r det asiatiska temat, vilket skapar en unik och mysig atmosf\u00e4r. Vi har ett brett utbud av asiatiska delikatesser b\u00e5de fr\u00e5n buff\u00e9n och \u00e0 la carte-menyn. Kom och njut av en v\u00e4lsmakande lunch eller middag och upplev det b\u00e4sta av det asiatiska k\u00f6ket!<\/p>\n","protected":false},"excerpt":{"rendered":"<p>Tom Yum Thai Restaurang har betj\u00e4nat sina kunder i Vasa sedan 2009 och erbjuder \u00e4kta asiatiska smaker och upplevelser. V\u00e5r restaurang ligger p\u00e5 andra v\u00e5ningen i Rewell Center, d\u00e4r v\u00e5ra nya, trivsamma lokaler finns. Vi satsar p\u00e5 h\u00f6gkvalitativ mat, en trevlig milj\u00f6 och utm\u00e4rkt kundservice. F\u00f6r oss \u00e4r det viktigt att varje kund l\u00e4mnar v\u00e5r [&hellip;]<\/p>\n","protected":false},"author":2,"featured_media":2611,"parent":0,"menu_order":0,"comment_status":"closed","ping_status":"closed","template":"","meta":{"_acf_changed":false,"_et_pb_use_builder":"","_et_pb_old_content":"","_et_gb_content_width":"","footnotes":""},"class_list":["post-2625","page","type-page","status-publish","has-post-thumbnail","hentry"],"acf":[],"_links":{"self":[{"href":"https:\/\/tomyumthai.fi\/sv\/wp-json\/wp\/v2\/pages\/2625","targetHints":{"allow":["GET"]}}],"collection":[{"href":"https:\/\/tomyumthai.fi\/sv\/wp-json\/wp\/v2\/pages"}],"about":[{"href":"https:\/\/tomyumthai.fi\/sv\/wp-json\/wp\/v2\/types\/page"}],"author":[{"embeddable":true,"href":"https:\/\/tomyumthai.fi\/sv\/wp-json\/wp\/v2\/users\/2"}],"replies":[{"embeddable":true,"href":"https:\/\/tomyumthai.fi\/sv\/wp-json\/wp\/v2\/comments?post=2625"}],"version-history":[{"count":2,"href":"https:\/\/tomyumthai.fi\/sv\/wp-json\/wp\/v2\/pages\/2625\/revisions"}],"predecessor-version":[{"id":2792,"href":"https:\/\/tomyumthai.fi\/sv\/wp-json\/wp\/v2\/pages\/2625\/revisions\/2792"}],"wp:featuredmedia":[{"embeddable":true,"href":"https:\/\/tomyumthai.fi\/sv\/wp-json\/wp\/v2\/media\/2611"}],"wp:attachment":[{"href":"https:\/\/tomyumthai.fi\/sv\/wp-json\/wp\/v2\/media?parent=2625"}],"curies":[{"name":"wp","href":"https:\/\/api.w.org\/{rel}","templated":true}]}}