{"id":2627,"date":"2023-10-23T09:57:25","date_gmt":"2023-10-23T07:57:25","guid":{"rendered":"https:\/\/tomyumthai.perussivut.fi\/etusivu\/"},"modified":"2025-10-22T18:56:35","modified_gmt":"2025-10-22T16:56:35","slug":"hem","status":"publish","type":"page","link":"https:\/\/tomyumthai.fi\/sv\/","title":{"rendered":"Vasas popul\u00e4raste restaurang nu i nya lokaler"},"content":{"rendered":"\n<h2 class=\"wp-block-heading\">\u00d6ppet<\/h2>\n\n\n\n<p><strong>M\u00e5-Fre<\/strong> | 10.30-21.00<br><strong>L\u00f6<\/strong> | 11.00-21.00<br><strong>S\u00f6<\/strong> | 12.00-21.00<\/p>\n\n\n\n<p>Buff\u00e9 varje dag till kl. 19.<br>Luncherbjudande p\u00e5 vardagar till kl. 15.<br>\u00c0 la carte alltid tillg\u00e4nglig!<\/p>\n","protected":false},"excerpt":{"rendered":"<p>\u00d6ppet M\u00e5-Fre | 10.30-21.00L\u00f6 | 11.00-21.00S\u00f6 | 12.00-21.00 Buff\u00e9 varje dag till kl. 19.Luncherbjudande p\u00e5 vardagar till kl. 15.\u00c0 la carte alltid tillg\u00e4nglig!<\/p>\n","protected":false},"author":2,"featured_media":2611,"parent":0,"menu_order":0,"comment_status":"closed","ping_status":"closed","template":"","meta":{"_acf_changed":false,"_et_pb_use_builder":"","_et_pb_old_content":"","_et_gb_content_width":"","footnotes":""},"class_list":["post-2627","page","type-page","status-publish","has-post-thumbnail","hentry"],"acf":[],"_links":{"self":[{"href":"https:\/\/tomyumthai.fi\/sv\/wp-json\/wp\/v2\/pages\/2627","targetHints":{"allow":["GET"]}}],"collection":[{"href":"https:\/\/tomyumthai.fi\/sv\/wp-json\/wp\/v2\/pages"}],"about":[{"href":"https:\/\/tomyumthai.fi\/sv\/wp-json\/wp\/v2\/types\/page"}],"author":[{"embeddable":true,"href":"https:\/\/tomyumthai.fi\/sv\/wp-json\/wp\/v2\/users\/2"}],"replies":[{"embeddable":true,"href":"https:\/\/tomyumthai.fi\/sv\/wp-json\/wp\/v2\/comments?post=2627"}],"version-history":[{"count":7,"href":"https:\/\/tomyumthai.fi\/sv\/wp-json\/wp\/v2\/pages\/2627\/revisions"}],"predecessor-version":[{"id":3023,"href":"https:\/\/tomyumthai.fi\/sv\/wp-json\/wp\/v2\/pages\/2627\/revisions\/3023"}],"wp:featuredmedia":[{"embeddable":true,"href":"https:\/\/tomyumthai.fi\/sv\/wp-json\/wp\/v2\/media\/2611"}],"wp:attachment":[{"href":"https:\/\/tomyumthai.fi\/sv\/wp-json\/wp\/v2\/media?parent=2627"}],"curies":[{"name":"wp","href":"https:\/\/api.w.org\/{rel}","templated":true}]}}